{"id":594,"date":"2017-04-13T15:24:35","date_gmt":"2017-04-13T15:24:35","guid":{"rendered":"https:\/\/catalyser.wpengine.com\/?post_type=product&#038;p=594"},"modified":"2025-10-29T10:59:44","modified_gmt":"2025-10-29T14:59:44","slug":"24129-direct-fit-converter-chevrolet","status":"publish","type":"product","link":"https:\/\/catalyseurnational.com\/en\/product\/24129-direct-fit-converter-chevrolet\/","title":{"rendered":"24129 Direct-Fit Converter Chevrolet, Pontiac"},"content":{"rendered":"<p><strong><span style=\"font-size: 19px;\">Direct-Fit Converter<\/span><\/strong><\/p>\n<p>Chevrolet \u00a0Cobalt \u00a0Federal and Californian Model \u00a02008 \u00a04cyl. \u00a02.4L<\/p>\n<p>Chevrolet \u00a0Cobalt \u00a02008 &#8211; 2010 \u00a04cyl. \u00a02.2L<\/p>\n<p>Chevrolet \u00a0HHR \u00a0A\/T \u00a02008 &#8211; 2011 \u00a04cyl. \u00a02.2L<\/p>\n<p>Chevrolet \u00a0HHR\u00a0 \u00a0A\/T \u00a02008 &#8211; 2011 \u00a04cyl. \u00a02.4L<\/p>\n<p>Pontiac\u00a0 G5\u00a0 A\/T\u00a0 2008 &#8211; 2010 4cyl.\u00a0 2.2L<\/p>\n<p>&nbsp;<\/p>\n<p><strong>Gasket available not included<\/strong><\/p>\n<p><strong>Front EG24367 \/ Rear EG24044\u00a0<\/strong><\/p>\n","protected":false},"excerpt":{"rendered":"<p>Direct-Fit Converter Chevrolet \u00a0Cobalt \u00a0Federal and Californian Model \u00a02008 \u00a04cyl. \u00a02.4L Chevrolet \u00a0Cobalt \u00a02008 &#8211; 2010 \u00a04cyl. \u00a02.2L Chevrolet \u00a0HHR \u00a0A\/T \u00a02008 &#8211; 2011 \u00a04cyl. \u00a02.2L Chevrolet \u00a0HHR\u00a0 \u00a0A\/T \u00a02008 &#8211; 2011 \u00a04cyl. \u00a02.4L Pontiac\u00a0 G5\u00a0 A\/T\u00a0 2008 &#8211; 2010 4cyl.\u00a0 2.2L &nbsp; Gasket available not included Front EG24367 \/ Rear EG24044\u00a0<\/p>\n","protected":false},"featured_media":13290,"template":"","meta":[],"product_brand":[642121,642179],"product_cat":[105],"product_tag":[],"class_list":{"0":"post-594","1":"product","2":"type-product","3":"status-publish","4":"has-post-thumbnail","6":"product_brand-chevrolet","7":"product_brand-pontiac","8":"product_cat-direct-fit-converter-2","10":"first","11":"onbackorder","12":"taxable","13":"shipping-taxable","14":"purchasable","15":"product-type-simple"},"yoast_head":"<!-- This site is optimized with the Yoast SEO plugin v25.9 - https:\/\/yoast.com\/wordpress\/plugins\/seo\/ -->\n<title>Catalyseur Direct-Fit Chevrolet<\/title>\n<meta name=\"description\" content=\"Direct-Fit Chevrolet Cobalt Mod\u00e8le F\u00e9d\u00e9ral et Californien 2008 4cyl. 2.4LChevrolet Cobalt 2008 - 2010 4cyl. 2.2LChevrolet HHR A\/T 2008 - 2011 4cyl. 2.2LChevrolet HHR A\/T 2008 - 2011 4cyl. 2.4LPontiac G5 A\/\" \/>\n<meta name=\"robots\" content=\"index, follow, max-snippet:-1, max-image-preview:large, max-video-preview:-1\" \/>\n<link rel=\"canonical\" href=\"https:\/\/catalyseurnational.com\/en\/product\/24129-direct-fit-converter-chevrolet\/\" \/>\n<meta property=\"og:locale\" content=\"en_US\" \/>\n<meta property=\"og:type\" content=\"article\" \/>\n<meta property=\"og:title\" content=\"Catalyseur Direct-Fit Chevrolet\" \/>\n<meta property=\"og:description\" content=\"Direct-Fit Chevrolet Cobalt Mod\u00e8le F\u00e9d\u00e9ral et Californien 2008 4cyl. 2.4LChevrolet Cobalt 2008 - 2010 4cyl. 2.2LChevrolet HHR A\/T 2008 - 2011 4cyl. 2.2LChevrolet HHR A\/T 2008 - 2011 4cyl. 2.4LPontiac G5 A\/\" \/>\n<meta property=\"og:url\" content=\"https:\/\/catalyseurnational.com\/en\/product\/24129-direct-fit-converter-chevrolet\/\" \/>\n<meta property=\"og:site_name\" content=\"Catalyseur National\" \/>\n<meta property=\"article:modified_time\" content=\"2025-10-29T14:59:44+00:00\" \/>\n<meta property=\"og:image\" content=\"https:\/\/catalyseurnational.com\/wp-content\/uploads\/2017\/04\/24129.jpg\" \/>\n\t<meta property=\"og:image:width\" content=\"2048\" \/>\n\t<meta property=\"og:image:height\" content=\"806\" \/>\n\t<meta property=\"og:image:type\" content=\"image\/jpeg\" \/>\n<meta name=\"twitter:card\" content=\"summary_large_image\" \/>\n<meta name=\"twitter:label1\" content=\"Est. reading time\" \/>\n\t<meta name=\"twitter:data1\" content=\"1 minute\" \/>\n<script type=\"application\/ld+json\" class=\"yoast-schema-graph\">{\"@context\":\"https:\/\/schema.org\",\"@graph\":[{\"@type\":\"WebPage\",\"@id\":\"https:\/\/catalyseurnational.com\/en\/product\/24129-direct-fit-converter-chevrolet\/\",\"url\":\"https:\/\/catalyseurnational.com\/en\/product\/24129-direct-fit-converter-chevrolet\/\",\"name\":\"Catalyseur Direct-Fit Chevrolet\",\"isPartOf\":{\"@id\":\"https:\/\/catalyseurnational.com\/en\/#website\"},\"primaryImageOfPage\":{\"@id\":\"https:\/\/catalyseurnational.com\/en\/product\/24129-direct-fit-converter-chevrolet\/#primaryimage\"},\"image\":{\"@id\":\"https:\/\/catalyseurnational.com\/en\/product\/24129-direct-fit-converter-chevrolet\/#primaryimage\"},\"thumbnailUrl\":\"https:\/\/catalyseurnational.com\/wp-content\/uploads\/2017\/04\/24129.jpg\",\"datePublished\":\"2017-04-13T15:24:35+00:00\",\"dateModified\":\"2025-10-29T14:59:44+00:00\",\"description\":\"Direct-Fit Chevrolet Cobalt Mod\u00e8le F\u00e9d\u00e9ral et Californien 2008 4cyl. 2.4LChevrolet Cobalt 2008 - 2010 4cyl. 2.2LChevrolet HHR A\/T 2008 - 2011 4cyl. 2.2LChevrolet HHR A\/T 2008 - 2011 4cyl. 2.4LPontiac G5 A\/\",\"breadcrumb\":{\"@id\":\"https:\/\/catalyseurnational.com\/en\/product\/24129-direct-fit-converter-chevrolet\/#breadcrumb\"},\"inLanguage\":\"en-US\",\"potentialAction\":[{\"@type\":\"ReadAction\",\"target\":[\"https:\/\/catalyseurnational.com\/en\/product\/24129-direct-fit-converter-chevrolet\/\"]}]},{\"@type\":\"ImageObject\",\"inLanguage\":\"en-US\",\"@id\":\"https:\/\/catalyseurnational.com\/en\/product\/24129-direct-fit-converter-chevrolet\/#primaryimage\",\"url\":\"https:\/\/catalyseurnational.com\/wp-content\/uploads\/2017\/04\/24129.jpg\",\"contentUrl\":\"https:\/\/catalyseurnational.com\/wp-content\/uploads\/2017\/04\/24129.jpg\",\"width\":2048,\"height\":806},{\"@type\":\"BreadcrumbList\",\"@id\":\"https:\/\/catalyseurnational.com\/en\/product\/24129-direct-fit-converter-chevrolet\/#breadcrumb\",\"itemListElement\":[{\"@type\":\"ListItem\",\"position\":1,\"name\":\"Accueil\",\"item\":\"https:\/\/catalyseurnational.com\/en\/\"},{\"@type\":\"ListItem\",\"position\":2,\"name\":\"Shop\",\"item\":\"https:\/\/catalyseurnational.com\/en\/shop-2\/\"},{\"@type\":\"ListItem\",\"position\":3,\"name\":\"24129 Direct-Fit Converter Chevrolet, Pontiac\"}]},{\"@type\":\"WebSite\",\"@id\":\"https:\/\/catalyseurnational.com\/en\/#website\",\"url\":\"https:\/\/catalyseurnational.com\/en\/\",\"name\":\"Catalyseur National\",\"description\":\"Catalyseur National\",\"publisher\":{\"@id\":\"https:\/\/catalyseurnational.com\/en\/#organization\"},\"potentialAction\":[{\"@type\":\"SearchAction\",\"target\":{\"@type\":\"EntryPoint\",\"urlTemplate\":\"https:\/\/catalyseurnational.com\/en\/?s={search_term_string}\"},\"query-input\":{\"@type\":\"PropertyValueSpecification\",\"valueRequired\":true,\"valueName\":\"search_term_string\"}}],\"inLanguage\":\"en-US\"},{\"@type\":\"Organization\",\"@id\":\"https:\/\/catalyseurnational.com\/en\/#organization\",\"name\":\"Catalyseur National\",\"url\":\"https:\/\/catalyseurnational.com\/en\/\",\"logo\":{\"@type\":\"ImageObject\",\"inLanguage\":\"en-US\",\"@id\":\"https:\/\/catalyseurnational.com\/en\/#\/schema\/logo\/image\/\",\"url\":\"https:\/\/catalyseurnational.com\/wp-content\/uploads\/2021\/05\/logo-catalyseur.png\",\"contentUrl\":\"https:\/\/catalyseurnational.com\/wp-content\/uploads\/2021\/05\/logo-catalyseur.png\",\"width\":6526,\"height\":2243,\"caption\":\"Catalyseur National\"},\"image\":{\"@id\":\"https:\/\/catalyseurnational.com\/en\/#\/schema\/logo\/image\/\"}}]}<\/script>\n<!-- \/ Yoast SEO plugin. -->","yoast_head_json":{"title":"Catalyseur Direct-Fit Chevrolet","description":"Direct-Fit Chevrolet Cobalt Mod\u00e8le F\u00e9d\u00e9ral et Californien 2008 4cyl. 2.4LChevrolet Cobalt 2008 - 2010 4cyl. 2.2LChevrolet HHR A\/T 2008 - 2011 4cyl. 2.2LChevrolet HHR A\/T 2008 - 2011 4cyl. 2.4LPontiac G5 A\/","robots":{"index":"index","follow":"follow","max-snippet":"max-snippet:-1","max-image-preview":"max-image-preview:large","max-video-preview":"max-video-preview:-1"},"canonical":"https:\/\/catalyseurnational.com\/en\/product\/24129-direct-fit-converter-chevrolet\/","og_locale":"en_US","og_type":"article","og_title":"Catalyseur Direct-Fit Chevrolet","og_description":"Direct-Fit Chevrolet Cobalt Mod\u00e8le F\u00e9d\u00e9ral et Californien 2008 4cyl. 2.4LChevrolet Cobalt 2008 - 2010 4cyl. 2.2LChevrolet HHR A\/T 2008 - 2011 4cyl. 2.2LChevrolet HHR A\/T 2008 - 2011 4cyl. 2.4LPontiac G5 A\/","og_url":"https:\/\/catalyseurnational.com\/en\/product\/24129-direct-fit-converter-chevrolet\/","og_site_name":"Catalyseur National","article_modified_time":"2025-10-29T14:59:44+00:00","og_image":[{"width":2048,"height":806,"url":"https:\/\/catalyseurnational.com\/wp-content\/uploads\/2017\/04\/24129.jpg","type":"image\/jpeg"}],"twitter_card":"summary_large_image","twitter_misc":{"Est. reading time":"1 minute"},"schema":{"@context":"https:\/\/schema.org","@graph":[{"@type":"WebPage","@id":"https:\/\/catalyseurnational.com\/en\/product\/24129-direct-fit-converter-chevrolet\/","url":"https:\/\/catalyseurnational.com\/en\/product\/24129-direct-fit-converter-chevrolet\/","name":"Catalyseur Direct-Fit Chevrolet","isPartOf":{"@id":"https:\/\/catalyseurnational.com\/en\/#website"},"primaryImageOfPage":{"@id":"https:\/\/catalyseurnational.com\/en\/product\/24129-direct-fit-converter-chevrolet\/#primaryimage"},"image":{"@id":"https:\/\/catalyseurnational.com\/en\/product\/24129-direct-fit-converter-chevrolet\/#primaryimage"},"thumbnailUrl":"https:\/\/catalyseurnational.com\/wp-content\/uploads\/2017\/04\/24129.jpg","datePublished":"2017-04-13T15:24:35+00:00","dateModified":"2025-10-29T14:59:44+00:00","description":"Direct-Fit Chevrolet Cobalt Mod\u00e8le F\u00e9d\u00e9ral et Californien 2008 4cyl. 2.4LChevrolet Cobalt 2008 - 2010 4cyl. 2.2LChevrolet HHR A\/T 2008 - 2011 4cyl. 2.2LChevrolet HHR A\/T 2008 - 2011 4cyl. 2.4LPontiac G5 A\/","breadcrumb":{"@id":"https:\/\/catalyseurnational.com\/en\/product\/24129-direct-fit-converter-chevrolet\/#breadcrumb"},"inLanguage":"en-US","potentialAction":[{"@type":"ReadAction","target":["https:\/\/catalyseurnational.com\/en\/product\/24129-direct-fit-converter-chevrolet\/"]}]},{"@type":"ImageObject","inLanguage":"en-US","@id":"https:\/\/catalyseurnational.com\/en\/product\/24129-direct-fit-converter-chevrolet\/#primaryimage","url":"https:\/\/catalyseurnational.com\/wp-content\/uploads\/2017\/04\/24129.jpg","contentUrl":"https:\/\/catalyseurnational.com\/wp-content\/uploads\/2017\/04\/24129.jpg","width":2048,"height":806},{"@type":"BreadcrumbList","@id":"https:\/\/catalyseurnational.com\/en\/product\/24129-direct-fit-converter-chevrolet\/#breadcrumb","itemListElement":[{"@type":"ListItem","position":1,"name":"Accueil","item":"https:\/\/catalyseurnational.com\/en\/"},{"@type":"ListItem","position":2,"name":"Shop","item":"https:\/\/catalyseurnational.com\/en\/shop-2\/"},{"@type":"ListItem","position":3,"name":"24129 Direct-Fit Converter Chevrolet, Pontiac"}]},{"@type":"WebSite","@id":"https:\/\/catalyseurnational.com\/en\/#website","url":"https:\/\/catalyseurnational.com\/en\/","name":"Catalyseur National","description":"Catalyseur National","publisher":{"@id":"https:\/\/catalyseurnational.com\/en\/#organization"},"potentialAction":[{"@type":"SearchAction","target":{"@type":"EntryPoint","urlTemplate":"https:\/\/catalyseurnational.com\/en\/?s={search_term_string}"},"query-input":{"@type":"PropertyValueSpecification","valueRequired":true,"valueName":"search_term_string"}}],"inLanguage":"en-US"},{"@type":"Organization","@id":"https:\/\/catalyseurnational.com\/en\/#organization","name":"Catalyseur National","url":"https:\/\/catalyseurnational.com\/en\/","logo":{"@type":"ImageObject","inLanguage":"en-US","@id":"https:\/\/catalyseurnational.com\/en\/#\/schema\/logo\/image\/","url":"https:\/\/catalyseurnational.com\/wp-content\/uploads\/2021\/05\/logo-catalyseur.png","contentUrl":"https:\/\/catalyseurnational.com\/wp-content\/uploads\/2021\/05\/logo-catalyseur.png","width":6526,"height":2243,"caption":"Catalyseur National"},"image":{"@id":"https:\/\/catalyseurnational.com\/en\/#\/schema\/logo\/image\/"}}]}},"_links":{"self":[{"href":"https:\/\/catalyseurnational.com\/en\/wp-json\/wp\/v2\/product\/594","targetHints":{"allow":["GET"]}}],"collection":[{"href":"https:\/\/catalyseurnational.com\/en\/wp-json\/wp\/v2\/product"}],"about":[{"href":"https:\/\/catalyseurnational.com\/en\/wp-json\/wp\/v2\/types\/product"}],"wp:featuredmedia":[{"embeddable":true,"href":"https:\/\/catalyseurnational.com\/en\/wp-json\/wp\/v2\/media\/13290"}],"wp:attachment":[{"href":"https:\/\/catalyseurnational.com\/en\/wp-json\/wp\/v2\/media?parent=594"}],"wp:term":[{"taxonomy":"product_brand","embeddable":true,"href":"https:\/\/catalyseurnational.com\/en\/wp-json\/wp\/v2\/product_brand?post=594"},{"taxonomy":"product_cat","embeddable":true,"href":"https:\/\/catalyseurnational.com\/en\/wp-json\/wp\/v2\/product_cat?post=594"},{"taxonomy":"product_tag","embeddable":true,"href":"https:\/\/catalyseurnational.com\/en\/wp-json\/wp\/v2\/product_tag?post=594"}],"curies":[{"name":"wp","href":"https:\/\/api.w.org\/{rel}","templated":true}]}}